{"id":19,"date":"2015-11-23T09:19:26","date_gmt":"2015-11-23T09:19:26","guid":{"rendered":"http:\/\/www.nenucofamosa.es\/uk\/?page_id=19"},"modified":"2016-04-05T12:19:59","modified_gmt":"2016-04-05T12:19:59","slug":"inicio","status":"publish","type":"page","link":"https:\/\/www.nenucofamosa.es\/uk\/","title":{"rendered":"Start"},"content":{"rendered":"","protected":false},"excerpt":{"rendered":"","protected":false},"author":1,"featured_media":0,"parent":0,"menu_order":8,"comment_status":"closed","ping_status":"closed","template":"home.php","meta":[],"yoast_head":"<!-- This site is optimized with the Yoast SEO plugin v16.0.2 - https:\/\/yoast.com\/wordpress\/plugins\/seo\/ -->\n<title>Nenuco - El Beb\u00e9 mu\u00f1eco\u00a0 m\u00e1s bonito\u00a0<\/title>\n<meta name=\"description\" content=\"Nenuco es el bebe mu\u00f1eco m\u00e1s famoso para ni\u00f1as y ni\u00f1os de todas las edades. Nenuco y sus accesiores le gusta a los padres y a los ni\u00f1os \u00a1Hay tantos y es tannn bonito!\" \/>\n<link rel=\"canonical\" href=\"https:\/\/www.nenucofamosa.es\/uk\/\" \/>\n<meta property=\"og:locale\" content=\"en_GB\" \/>\n<meta property=\"og:type\" content=\"article\" \/>\n<meta property=\"og:title\" content=\"Nenuco - El Beb\u00e9 mu\u00f1eco\u00a0 m\u00e1s bonito\u00a0\" \/>\n<meta property=\"og:description\" content=\"Nenuco es el bebe mu\u00f1eco m\u00e1s famoso para ni\u00f1as y ni\u00f1os de todas las edades. Nenuco y sus accesiores le gusta a los padres y a los ni\u00f1os \u00a1Hay tantos y es tannn bonito!\" \/>\n<meta property=\"og:url\" content=\"https:\/\/www.nenucofamosa.es\/uk\/\" \/>\n<meta property=\"og:site_name\" content=\"Nenuco UK\" \/>\n<meta property=\"article:modified_time\" content=\"2016-04-05T12:19:59+00:00\" \/>\n<meta name=\"twitter:card\" content=\"summary\" \/>\n<script type=\"application\/ld+json\" class=\"yoast-schema-graph\">{\"@context\":\"https:\/\/schema.org\",\"@graph\":[{\"@type\":\"WebSite\",\"@id\":\"https:\/\/www.nenucofamosa.es\/uk\/#website\",\"url\":\"https:\/\/www.nenucofamosa.es\/uk\/\",\"name\":\"Nenuco UK\",\"description\":\"Otro sitio realizado con WordPress\",\"potentialAction\":[{\"@type\":\"SearchAction\",\"target\":\"https:\/\/www.nenucofamosa.es\/uk\/?s={search_term_string}\",\"query-input\":\"required name=search_term_string\"}],\"inLanguage\":\"en-GB\"},{\"@type\":\"WebPage\",\"@id\":\"https:\/\/www.nenucofamosa.es\/uk\/#webpage\",\"url\":\"https:\/\/www.nenucofamosa.es\/uk\/\",\"name\":\"Nenuco - El Beb\\u00e9 mu\\u00f1eco\\u00a0 m\\u00e1s bonito\\u00a0\",\"isPartOf\":{\"@id\":\"https:\/\/www.nenucofamosa.es\/uk\/#website\"},\"datePublished\":\"2015-11-23T09:19:26+00:00\",\"dateModified\":\"2016-04-05T12:19:59+00:00\",\"description\":\"Nenuco es el bebe mu\\u00f1eco m\\u00e1s famoso para ni\\u00f1as y ni\\u00f1os de todas las edades. Nenuco y sus accesiores le gusta a los padres y a los ni\\u00f1os \\u00a1Hay tantos y es tannn bonito!\",\"breadcrumb\":{\"@id\":\"https:\/\/www.nenucofamosa.es\/uk\/#breadcrumb\"},\"inLanguage\":\"en-GB\",\"potentialAction\":[{\"@type\":\"ReadAction\",\"target\":[\"https:\/\/www.nenucofamosa.es\/uk\/\"]}]},{\"@type\":\"BreadcrumbList\",\"@id\":\"https:\/\/www.nenucofamosa.es\/uk\/#breadcrumb\",\"itemListElement\":[{\"@type\":\"ListItem\",\"position\":1,\"item\":{\"@type\":\"WebPage\",\"@id\":\"https:\/\/www.nenucofamosa.es\/uk\/\",\"url\":\"https:\/\/www.nenucofamosa.es\/uk\/\",\"name\":\"Start\"}},{\"@type\":\"ListItem\",\"position\":2,\"item\":{\"@type\":\"WebPage\",\"@id\":\"https:\/\/www.nenucofamosa.es\/uk\/\",\"url\":\"https:\/\/www.nenucofamosa.es\/uk\/\",\"name\":\"Start\"}}]}]}<\/script>\n<!-- \/ Yoast SEO plugin. -->","_links":{"self":[{"href":"https:\/\/www.nenucofamosa.es\/uk\/wp-json\/wp\/v2\/pages\/19"}],"collection":[{"href":"https:\/\/www.nenucofamosa.es\/uk\/wp-json\/wp\/v2\/pages"}],"about":[{"href":"https:\/\/www.nenucofamosa.es\/uk\/wp-json\/wp\/v2\/types\/page"}],"author":[{"embeddable":true,"href":"https:\/\/www.nenucofamosa.es\/uk\/wp-json\/wp\/v2\/users\/1"}],"replies":[{"embeddable":true,"href":"https:\/\/www.nenucofamosa.es\/uk\/wp-json\/wp\/v2\/comments?post=19"}],"version-history":[{"count":11,"href":"https:\/\/www.nenucofamosa.es\/uk\/wp-json\/wp\/v2\/pages\/19\/revisions"}],"predecessor-version":[{"id":818,"href":"https:\/\/www.nenucofamosa.es\/uk\/wp-json\/wp\/v2\/pages\/19\/revisions\/818"}],"wp:attachment":[{"href":"https:\/\/www.nenucofamosa.es\/uk\/wp-json\/wp\/v2\/media?parent=19"}],"curies":[{"name":"wp","href":"https:\/\/api.w.org\/{rel}","templated":true}]}}