{"id":426,"date":"2015-11-30T08:43:59","date_gmt":"2015-11-30T08:43:59","guid":{"rendered":"http:\/\/www.nenucofamosa.es\/pt\/?page_id=426"},"modified":"2016-05-05T14:08:05","modified_gmt":"2016-05-05T14:08:05","slug":"o-mundo-nenuco","status":"publish","type":"page","link":"https:\/\/www.nenucofamosa.es\/pt\/o-mundo-nenuco\/","title":{"rendered":"O Mundo Nenuco"},"content":{"rendered":"","protected":false},"excerpt":{"rendered":"","protected":false},"author":1,"featured_media":0,"parent":0,"menu_order":8,"comment_status":"closed","ping_status":"closed","template":"page-conoce.php","meta":[],"yoast_head":"<!-- This site is optimized with the Yoast SEO plugin v16.0.2 - https:\/\/yoast.com\/wordpress\/plugins\/seo\/ -->\n<title>Conhece o boneco beb\u00e9 Nenuco - Nenuco<\/title>\n<meta name=\"description\" content=\"Vamos descobrir o mundo de Nenuco! Nenuco \u00e9 o boneco beb\u00e9 mais famoso do mundo que \u00e9 adorado por meninos e meninas de todas as idades. \u00c9 t\u00e3o fofinho!\" \/>\n<link rel=\"canonical\" href=\"https:\/\/www.nenucofamosa.es\/pt\/o-mundo-nenuco\/\" \/>\n<meta property=\"og:locale\" content=\"pt_PT\" \/>\n<meta property=\"og:type\" content=\"article\" \/>\n<meta property=\"og:title\" content=\"Conhece o boneco beb\u00e9 Nenuco - Nenuco\" \/>\n<meta property=\"og:description\" content=\"Vamos descobrir o mundo de Nenuco! Nenuco \u00e9 o boneco beb\u00e9 mais famoso do mundo que \u00e9 adorado por meninos e meninas de todas as idades. \u00c9 t\u00e3o fofinho!\" \/>\n<meta property=\"og:url\" content=\"https:\/\/www.nenucofamosa.es\/pt\/o-mundo-nenuco\/\" \/>\n<meta property=\"og:site_name\" content=\"Nenuco Portugal\" \/>\n<meta property=\"article:modified_time\" content=\"2016-05-05T14:08:05+00:00\" \/>\n<meta name=\"twitter:card\" content=\"summary\" \/>\n<script type=\"application\/ld+json\" class=\"yoast-schema-graph\">{\"@context\":\"https:\/\/schema.org\",\"@graph\":[{\"@type\":\"WebSite\",\"@id\":\"https:\/\/www.nenucofamosa.es\/pt\/#website\",\"url\":\"https:\/\/www.nenucofamosa.es\/pt\/\",\"name\":\"Nenuco Portugal\",\"description\":\"Otro sitio realizado con WordPress\",\"potentialAction\":[{\"@type\":\"SearchAction\",\"target\":\"https:\/\/www.nenucofamosa.es\/pt\/?s={search_term_string}\",\"query-input\":\"required name=search_term_string\"}],\"inLanguage\":\"pt-PT\"},{\"@type\":\"WebPage\",\"@id\":\"https:\/\/www.nenucofamosa.es\/pt\/o-mundo-nenuco\/#webpage\",\"url\":\"https:\/\/www.nenucofamosa.es\/pt\/o-mundo-nenuco\/\",\"name\":\"Conhece o boneco beb\\u00e9 Nenuco - Nenuco\",\"isPartOf\":{\"@id\":\"https:\/\/www.nenucofamosa.es\/pt\/#website\"},\"datePublished\":\"2015-11-30T08:43:59+00:00\",\"dateModified\":\"2016-05-05T14:08:05+00:00\",\"description\":\"Vamos descobrir o mundo de Nenuco! Nenuco \\u00e9 o boneco beb\\u00e9 mais famoso do mundo que \\u00e9 adorado por meninos e meninas de todas as idades. \\u00c9 t\\u00e3o fofinho!\",\"breadcrumb\":{\"@id\":\"https:\/\/www.nenucofamosa.es\/pt\/o-mundo-nenuco\/#breadcrumb\"},\"inLanguage\":\"pt-PT\",\"potentialAction\":[{\"@type\":\"ReadAction\",\"target\":[\"https:\/\/www.nenucofamosa.es\/pt\/o-mundo-nenuco\/\"]}]},{\"@type\":\"BreadcrumbList\",\"@id\":\"https:\/\/www.nenucofamosa.es\/pt\/o-mundo-nenuco\/#breadcrumb\",\"itemListElement\":[{\"@type\":\"ListItem\",\"position\":1,\"item\":{\"@type\":\"WebPage\",\"@id\":\"https:\/\/www.nenucofamosa.es\/pt\/\",\"url\":\"https:\/\/www.nenucofamosa.es\/pt\/\",\"name\":\"In\\u00edcio\"}},{\"@type\":\"ListItem\",\"position\":2,\"item\":{\"@type\":\"WebPage\",\"@id\":\"https:\/\/www.nenucofamosa.es\/pt\/o-mundo-nenuco\/\",\"url\":\"https:\/\/www.nenucofamosa.es\/pt\/o-mundo-nenuco\/\",\"name\":\"O Mundo Nenuco\"}}]}]}<\/script>\n<!-- \/ Yoast SEO plugin. -->","_links":{"self":[{"href":"https:\/\/www.nenucofamosa.es\/pt\/wp-json\/wp\/v2\/pages\/426"}],"collection":[{"href":"https:\/\/www.nenucofamosa.es\/pt\/wp-json\/wp\/v2\/pages"}],"about":[{"href":"https:\/\/www.nenucofamosa.es\/pt\/wp-json\/wp\/v2\/types\/page"}],"author":[{"embeddable":true,"href":"https:\/\/www.nenucofamosa.es\/pt\/wp-json\/wp\/v2\/users\/1"}],"replies":[{"embeddable":true,"href":"https:\/\/www.nenucofamosa.es\/pt\/wp-json\/wp\/v2\/comments?post=426"}],"version-history":[{"count":10,"href":"https:\/\/www.nenucofamosa.es\/pt\/wp-json\/wp\/v2\/pages\/426\/revisions"}],"predecessor-version":[{"id":870,"href":"https:\/\/www.nenucofamosa.es\/pt\/wp-json\/wp\/v2\/pages\/426\/revisions\/870"}],"wp:attachment":[{"href":"https:\/\/www.nenucofamosa.es\/pt\/wp-json\/wp\/v2\/media?parent=426"}],"curies":[{"name":"wp","href":"https:\/\/api.w.org\/{rel}","templated":true}]}}