{"id":19,"date":"2015-11-23T09:19:26","date_gmt":"2015-11-23T09:19:26","guid":{"rendered":"http:\/\/www.nenucofamosa.es\/pt\/?page_id=19"},"modified":"2016-05-11T11:44:42","modified_gmt":"2016-05-11T11:44:42","slug":"inicio","status":"publish","type":"page","link":"https:\/\/www.nenucofamosa.es\/pt\/","title":{"rendered":"In\u00edcio"},"content":{"rendered":"","protected":false},"excerpt":{"rendered":"","protected":false},"author":1,"featured_media":0,"parent":0,"menu_order":9,"comment_status":"closed","ping_status":"closed","template":"home.php","meta":[],"yoast_head":"<!-- This site is optimized with the Yoast SEO plugin v16.0.2 - https:\/\/yoast.com\/wordpress\/plugins\/seo\/ -->\n<title>Nenuco - O boneco beb\u00e9 mais fofinho<\/title>\n<meta name=\"description\" content=\"Nenuco \u00e9 o boneco beb\u00e9 mais querido entre crian\u00e7as. Tanto os pais como os seus filhos, adoram os bonecos Nenuco e os seus acess\u00f3rios. Momentos de divers\u00e3o!\" \/>\n<link rel=\"canonical\" href=\"https:\/\/www.nenucofamosa.es\/pt\/\" \/>\n<meta property=\"og:locale\" content=\"pt_PT\" \/>\n<meta property=\"og:type\" content=\"article\" \/>\n<meta property=\"og:title\" content=\"Nenuco - O boneco beb\u00e9 mais fofinho\" \/>\n<meta property=\"og:description\" content=\"Nenuco \u00e9 o boneco beb\u00e9 mais querido entre crian\u00e7as. Tanto os pais como os seus filhos, adoram os bonecos Nenuco e os seus acess\u00f3rios. Momentos de divers\u00e3o!\" \/>\n<meta property=\"og:url\" content=\"https:\/\/www.nenucofamosa.es\/pt\/\" \/>\n<meta property=\"og:site_name\" content=\"Nenuco Portugal\" \/>\n<meta property=\"article:modified_time\" content=\"2016-05-11T11:44:42+00:00\" \/>\n<meta name=\"twitter:card\" content=\"summary\" \/>\n<script type=\"application\/ld+json\" class=\"yoast-schema-graph\">{\"@context\":\"https:\/\/schema.org\",\"@graph\":[{\"@type\":\"WebSite\",\"@id\":\"https:\/\/www.nenucofamosa.es\/pt\/#website\",\"url\":\"https:\/\/www.nenucofamosa.es\/pt\/\",\"name\":\"Nenuco Portugal\",\"description\":\"Otro sitio realizado con WordPress\",\"potentialAction\":[{\"@type\":\"SearchAction\",\"target\":\"https:\/\/www.nenucofamosa.es\/pt\/?s={search_term_string}\",\"query-input\":\"required name=search_term_string\"}],\"inLanguage\":\"pt-PT\"},{\"@type\":\"WebPage\",\"@id\":\"https:\/\/www.nenucofamosa.es\/pt\/#webpage\",\"url\":\"https:\/\/www.nenucofamosa.es\/pt\/\",\"name\":\"Nenuco - O boneco beb\\u00e9 mais fofinho\",\"isPartOf\":{\"@id\":\"https:\/\/www.nenucofamosa.es\/pt\/#website\"},\"datePublished\":\"2015-11-23T09:19:26+00:00\",\"dateModified\":\"2016-05-11T11:44:42+00:00\",\"description\":\"Nenuco \\u00e9 o boneco beb\\u00e9 mais querido entre crian\\u00e7as. Tanto os pais como os seus filhos, adoram os bonecos Nenuco e os seus acess\\u00f3rios. Momentos de divers\\u00e3o!\",\"breadcrumb\":{\"@id\":\"https:\/\/www.nenucofamosa.es\/pt\/#breadcrumb\"},\"inLanguage\":\"pt-PT\",\"potentialAction\":[{\"@type\":\"ReadAction\",\"target\":[\"https:\/\/www.nenucofamosa.es\/pt\/\"]}]},{\"@type\":\"BreadcrumbList\",\"@id\":\"https:\/\/www.nenucofamosa.es\/pt\/#breadcrumb\",\"itemListElement\":[{\"@type\":\"ListItem\",\"position\":1,\"item\":{\"@type\":\"WebPage\",\"@id\":\"https:\/\/www.nenucofamosa.es\/pt\/\",\"url\":\"https:\/\/www.nenucofamosa.es\/pt\/\",\"name\":\"In\\u00edcio\"}},{\"@type\":\"ListItem\",\"position\":2,\"item\":{\"@type\":\"WebPage\",\"@id\":\"https:\/\/www.nenucofamosa.es\/pt\/\",\"url\":\"https:\/\/www.nenucofamosa.es\/pt\/\",\"name\":\"In\\u00edcio\"}}]}]}<\/script>\n<!-- \/ Yoast SEO plugin. -->","_links":{"self":[{"href":"https:\/\/www.nenucofamosa.es\/pt\/wp-json\/wp\/v2\/pages\/19"}],"collection":[{"href":"https:\/\/www.nenucofamosa.es\/pt\/wp-json\/wp\/v2\/pages"}],"about":[{"href":"https:\/\/www.nenucofamosa.es\/pt\/wp-json\/wp\/v2\/types\/page"}],"author":[{"embeddable":true,"href":"https:\/\/www.nenucofamosa.es\/pt\/wp-json\/wp\/v2\/users\/1"}],"replies":[{"embeddable":true,"href":"https:\/\/www.nenucofamosa.es\/pt\/wp-json\/wp\/v2\/comments?post=19"}],"version-history":[{"count":11,"href":"https:\/\/www.nenucofamosa.es\/pt\/wp-json\/wp\/v2\/pages\/19\/revisions"}],"predecessor-version":[{"id":865,"href":"https:\/\/www.nenucofamosa.es\/pt\/wp-json\/wp\/v2\/pages\/19\/revisions\/865"}],"wp:attachment":[{"href":"https:\/\/www.nenucofamosa.es\/pt\/wp-json\/wp\/v2\/media?parent=19"}],"curies":[{"name":"wp","href":"https:\/\/api.w.org\/{rel}","templated":true}]}}