{"id":426,"date":"2015-11-30T08:43:59","date_gmt":"2015-11-30T08:43:59","guid":{"rendered":"http:\/\/www.nenucofamosa.es\/mx\/?page_id=426"},"modified":"2016-04-26T08:27:13","modified_gmt":"2016-04-26T08:27:13","slug":"conoce-a-nenuco","status":"publish","type":"page","link":"https:\/\/www.nenucofamosa.es\/mx\/conoce-a-nenuco\/","title":{"rendered":"Conoce a Nenuco"},"content":{"rendered":"","protected":false},"excerpt":{"rendered":"","protected":false},"author":1,"featured_media":0,"parent":0,"menu_order":8,"comment_status":"closed","ping_status":"closed","template":"page-conoce.php","meta":[],"yoast_head":"<!-- This site is optimized with the Yoast SEO plugin v16.0.2 - https:\/\/yoast.com\/wordpress\/plugins\/seo\/ -->\n<title>Conoce a Nenuco - Nenuco Beb\u00e9<\/title>\n<meta name=\"description\" content=\"Conoce\u00a0al mu\u00f1eco Nenuco\u00a0Baby, Nenuco es el bebe mu\u00f1eco m\u00e1s famoso del mundo para ni\u00f1as y ni\u00f1os de todas las edades. \u00a1Es tan mono!\" \/>\n<link rel=\"canonical\" href=\"https:\/\/www.nenucofamosa.es\/mx\/conoce-a-nenuco\/\" \/>\n<meta property=\"og:locale\" content=\"es_MX\" \/>\n<meta property=\"og:type\" content=\"article\" \/>\n<meta property=\"og:title\" content=\"Conoce a Nenuco - Nenuco Beb\u00e9\" \/>\n<meta property=\"og:description\" content=\"Conoce\u00a0al mu\u00f1eco Nenuco\u00a0Baby, Nenuco es el bebe mu\u00f1eco m\u00e1s famoso del mundo para ni\u00f1as y ni\u00f1os de todas las edades. \u00a1Es tan mono!\" \/>\n<meta property=\"og:url\" content=\"https:\/\/www.nenucofamosa.es\/mx\/conoce-a-nenuco\/\" \/>\n<meta property=\"og:site_name\" content=\"Nenuco M\u00e9xico\" \/>\n<meta property=\"article:modified_time\" content=\"2016-04-26T08:27:13+00:00\" \/>\n<meta name=\"twitter:card\" content=\"summary\" \/>\n<script type=\"application\/ld+json\" class=\"yoast-schema-graph\">{\"@context\":\"https:\/\/schema.org\",\"@graph\":[{\"@type\":\"WebSite\",\"@id\":\"https:\/\/www.nenucofamosa.es\/mx\/#website\",\"url\":\"https:\/\/www.nenucofamosa.es\/mx\/\",\"name\":\"Nenuco M\\u00e9xico\",\"description\":\"Otro sitio realizado con WordPress\",\"potentialAction\":[{\"@type\":\"SearchAction\",\"target\":\"https:\/\/www.nenucofamosa.es\/mx\/?s={search_term_string}\",\"query-input\":\"required name=search_term_string\"}],\"inLanguage\":\"es-MX\"},{\"@type\":\"WebPage\",\"@id\":\"https:\/\/www.nenucofamosa.es\/mx\/conoce-a-nenuco\/#webpage\",\"url\":\"https:\/\/www.nenucofamosa.es\/mx\/conoce-a-nenuco\/\",\"name\":\"Conoce a Nenuco - Nenuco Beb\\u00e9\",\"isPartOf\":{\"@id\":\"https:\/\/www.nenucofamosa.es\/mx\/#website\"},\"datePublished\":\"2015-11-30T08:43:59+00:00\",\"dateModified\":\"2016-04-26T08:27:13+00:00\",\"description\":\"Conoce\\u00a0al mu\\u00f1eco Nenuco\\u00a0Baby, Nenuco es el bebe mu\\u00f1eco m\\u00e1s famoso del mundo para ni\\u00f1as y ni\\u00f1os de todas las edades. \\u00a1Es tan mono!\",\"breadcrumb\":{\"@id\":\"https:\/\/www.nenucofamosa.es\/mx\/conoce-a-nenuco\/#breadcrumb\"},\"inLanguage\":\"es-MX\",\"potentialAction\":[{\"@type\":\"ReadAction\",\"target\":[\"https:\/\/www.nenucofamosa.es\/mx\/conoce-a-nenuco\/\"]}]},{\"@type\":\"BreadcrumbList\",\"@id\":\"https:\/\/www.nenucofamosa.es\/mx\/conoce-a-nenuco\/#breadcrumb\",\"itemListElement\":[{\"@type\":\"ListItem\",\"position\":1,\"item\":{\"@type\":\"WebPage\",\"@id\":\"https:\/\/www.nenucofamosa.es\/mx\/\",\"url\":\"https:\/\/www.nenucofamosa.es\/mx\/\",\"name\":\"Inicio\"}},{\"@type\":\"ListItem\",\"position\":2,\"item\":{\"@type\":\"WebPage\",\"@id\":\"https:\/\/www.nenucofamosa.es\/mx\/conoce-a-nenuco\/\",\"url\":\"https:\/\/www.nenucofamosa.es\/mx\/conoce-a-nenuco\/\",\"name\":\"Conoce a Nenuco\"}}]}]}<\/script>\n<!-- \/ Yoast SEO plugin. -->","_links":{"self":[{"href":"https:\/\/www.nenucofamosa.es\/mx\/wp-json\/wp\/v2\/pages\/426"}],"collection":[{"href":"https:\/\/www.nenucofamosa.es\/mx\/wp-json\/wp\/v2\/pages"}],"about":[{"href":"https:\/\/www.nenucofamosa.es\/mx\/wp-json\/wp\/v2\/types\/page"}],"author":[{"embeddable":true,"href":"https:\/\/www.nenucofamosa.es\/mx\/wp-json\/wp\/v2\/users\/1"}],"replies":[{"embeddable":true,"href":"https:\/\/www.nenucofamosa.es\/mx\/wp-json\/wp\/v2\/comments?post=426"}],"version-history":[{"count":6,"href":"https:\/\/www.nenucofamosa.es\/mx\/wp-json\/wp\/v2\/pages\/426\/revisions"}],"predecessor-version":[{"id":794,"href":"https:\/\/www.nenucofamosa.es\/mx\/wp-json\/wp\/v2\/pages\/426\/revisions\/794"}],"wp:attachment":[{"href":"https:\/\/www.nenucofamosa.es\/mx\/wp-json\/wp\/v2\/media?parent=426"}],"curies":[{"name":"wp","href":"https:\/\/api.w.org\/{rel}","templated":true}]}}