{"id":19,"date":"2015-11-23T09:19:26","date_gmt":"2015-11-23T09:19:26","guid":{"rendered":"http:\/\/www.nenucofamosa.es\/mx\/?page_id=19"},"modified":"2016-05-11T11:43:37","modified_gmt":"2016-05-11T11:43:37","slug":"inicio","status":"publish","type":"page","link":"https:\/\/www.nenucofamosa.es\/mx\/","title":{"rendered":"Inicio"},"content":{"rendered":"","protected":false},"excerpt":{"rendered":"","protected":false},"author":1,"featured_media":0,"parent":0,"menu_order":9,"comment_status":"closed","ping_status":"closed","template":"home.php","meta":[],"yoast_head":"<!-- This site is optimized with the Yoast SEO plugin v16.0.2 - https:\/\/yoast.com\/wordpress\/plugins\/seo\/ -->\n<title>Nenuco - El Mu\u00f1eco Beb\u00e9 m\u00e1s bonito\u00a0<\/title>\n<meta name=\"description\" content=\"Nenuco es el bebe mu\u00f1eco m\u00e1s famoso para ni\u00f1as y ni\u00f1os de todas las edades. Nenuco y sus accesorios gustan a los padres y a los ni\u00f1os\u00a0\" \/>\n<link rel=\"canonical\" href=\"https:\/\/www.nenucofamosa.es\/mx\/\" \/>\n<meta property=\"og:locale\" content=\"es_MX\" \/>\n<meta property=\"og:type\" content=\"article\" \/>\n<meta property=\"og:title\" content=\"Nenuco - El Mu\u00f1eco Beb\u00e9 m\u00e1s bonito\u00a0\" \/>\n<meta property=\"og:description\" content=\"Nenuco es el bebe mu\u00f1eco m\u00e1s famoso para ni\u00f1as y ni\u00f1os de todas las edades. Nenuco y sus accesorios gustan a los padres y a los ni\u00f1os\u00a0\" \/>\n<meta property=\"og:url\" content=\"https:\/\/www.nenucofamosa.es\/mx\/\" \/>\n<meta property=\"og:site_name\" content=\"Nenuco M\u00e9xico\" \/>\n<meta property=\"article:modified_time\" content=\"2016-05-11T11:43:37+00:00\" \/>\n<meta name=\"twitter:card\" content=\"summary\" \/>\n<script type=\"application\/ld+json\" class=\"yoast-schema-graph\">{\"@context\":\"https:\/\/schema.org\",\"@graph\":[{\"@type\":\"WebSite\",\"@id\":\"https:\/\/www.nenucofamosa.es\/mx\/#website\",\"url\":\"https:\/\/www.nenucofamosa.es\/mx\/\",\"name\":\"Nenuco M\\u00e9xico\",\"description\":\"Otro sitio realizado con WordPress\",\"potentialAction\":[{\"@type\":\"SearchAction\",\"target\":\"https:\/\/www.nenucofamosa.es\/mx\/?s={search_term_string}\",\"query-input\":\"required name=search_term_string\"}],\"inLanguage\":\"es-MX\"},{\"@type\":\"WebPage\",\"@id\":\"https:\/\/www.nenucofamosa.es\/mx\/#webpage\",\"url\":\"https:\/\/www.nenucofamosa.es\/mx\/\",\"name\":\"Nenuco - El Mu\\u00f1eco Beb\\u00e9 m\\u00e1s bonito\\u00a0\",\"isPartOf\":{\"@id\":\"https:\/\/www.nenucofamosa.es\/mx\/#website\"},\"datePublished\":\"2015-11-23T09:19:26+00:00\",\"dateModified\":\"2016-05-11T11:43:37+00:00\",\"description\":\"Nenuco es el bebe mu\\u00f1eco m\\u00e1s famoso para ni\\u00f1as y ni\\u00f1os de todas las edades. Nenuco y sus accesorios gustan a los padres y a los ni\\u00f1os\\u00a0\",\"breadcrumb\":{\"@id\":\"https:\/\/www.nenucofamosa.es\/mx\/#breadcrumb\"},\"inLanguage\":\"es-MX\",\"potentialAction\":[{\"@type\":\"ReadAction\",\"target\":[\"https:\/\/www.nenucofamosa.es\/mx\/\"]}]},{\"@type\":\"BreadcrumbList\",\"@id\":\"https:\/\/www.nenucofamosa.es\/mx\/#breadcrumb\",\"itemListElement\":[{\"@type\":\"ListItem\",\"position\":1,\"item\":{\"@type\":\"WebPage\",\"@id\":\"https:\/\/www.nenucofamosa.es\/mx\/\",\"url\":\"https:\/\/www.nenucofamosa.es\/mx\/\",\"name\":\"Inicio\"}},{\"@type\":\"ListItem\",\"position\":2,\"item\":{\"@type\":\"WebPage\",\"@id\":\"https:\/\/www.nenucofamosa.es\/mx\/\",\"url\":\"https:\/\/www.nenucofamosa.es\/mx\/\",\"name\":\"Inicio\"}}]}]}<\/script>\n<!-- \/ Yoast SEO plugin. -->","_links":{"self":[{"href":"https:\/\/www.nenucofamosa.es\/mx\/wp-json\/wp\/v2\/pages\/19"}],"collection":[{"href":"https:\/\/www.nenucofamosa.es\/mx\/wp-json\/wp\/v2\/pages"}],"about":[{"href":"https:\/\/www.nenucofamosa.es\/mx\/wp-json\/wp\/v2\/types\/page"}],"author":[{"embeddable":true,"href":"https:\/\/www.nenucofamosa.es\/mx\/wp-json\/wp\/v2\/users\/1"}],"replies":[{"embeddable":true,"href":"https:\/\/www.nenucofamosa.es\/mx\/wp-json\/wp\/v2\/comments?post=19"}],"version-history":[{"count":5,"href":"https:\/\/www.nenucofamosa.es\/mx\/wp-json\/wp\/v2\/pages\/19\/revisions"}],"predecessor-version":[{"id":627,"href":"https:\/\/www.nenucofamosa.es\/mx\/wp-json\/wp\/v2\/pages\/19\/revisions\/627"}],"wp:attachment":[{"href":"https:\/\/www.nenucofamosa.es\/mx\/wp-json\/wp\/v2\/media?parent=19"}],"curies":[{"name":"wp","href":"https:\/\/api.w.org\/{rel}","templated":true}]}}