{"id":144,"date":"2015-11-26T09:13:45","date_gmt":"2015-11-26T09:13:45","guid":{"rendered":"http:\/\/www.nenucofamosa.es\/mx\/?page_id=144"},"modified":"2018-05-23T09:25:54","modified_gmt":"2018-05-23T09:25:54","slug":"politica-de-privacidad","status":"publish","type":"page","link":"https:\/\/www.nenucofamosa.es\/mx\/politica-de-privacidad\/","title":{"rendered":"Pol\u00edtica de privacidad"},"content":{"rendered":"<div class=\"contenido-generica\">\n<p><strong>1 IDENTIFICACI\u00d3N<\/strong><\/p>\n<p><strong>Titular<\/strong>: F\u00c1BRICAS AGRUPADAS DE MU\u00d1ECAS DE ONIL, S.A. (en adelante, \u201c<strong><em>FAMOSA<\/em><\/strong>\u201d).<\/p>\n<p><strong>NIF<\/strong>: A-84392596<\/p>\n<p><strong>Domicilio social<\/strong>: Calle Chile 4, Edificio 1, 28290 (Las Rozas de Madrid), Madrid<\/p>\n<p>&nbsp;<\/p>\n<p><strong>2 INFORMACI\u00d3N Y CONSENTIMIENTO. <\/strong><\/p>\n<p>Mediante la presente Pol\u00edtica de Privacidad, el usuario queda informado y presta su consentimiento libre, informado, espec\u00edfico e inequ\u00edvoco para que los datos personales que facilite a trav\u00e9s de la p\u00e1gina web ubicada en la URL &lt;www.famosa.es&gt; (en adelante, el \u201c<strong><em>Sitio Web<\/em><\/strong>\u201d) sean tratados por FAMOSA, as\u00ed como los datos derivados de su navegaci\u00f3n y aquellos otros datos que pueda facilitar en un futuro a FAMOSA.<\/p>\n<p>El usuario debe leer con atenci\u00f3n esta Pol\u00edtica de Privacidad, que ha sido redactada de forma clara y sencilla, para facilitar su comprensi\u00f3n, determinando libre y voluntariamente si desea facilitar sus datos personales a FAMOSA.<\/p>\n<p><strong>3 OBLIGATORIEDAD DE FACILITAR LOS DATOS.<\/strong><\/p>\n<p>Los datos solicitados en los formularios del Sitio Web son con car\u00e1cter general, obligatorios (salvo que en el campo requerido se especifique lo contrario) para cumplir con las finalidades establecidas.<\/p>\n<p>Por lo tanto, si no se facilitan los mismos o no se facilitan correctamente no podr\u00e1n atenderse las mismas, sin perjuicio de que podr\u00e1 visualizar libremente el contenido del Sitio Web.<\/p>\n<p><strong>4 \u00bfCON QU\u00c9 FINALIDAD TRATAR\u00c1 FAMOSA LOS DATOS PERSONALES DEL USUARIO Y DURANTE CU\u00c1NTO TIEMPO?<\/strong><\/p>\n<p>Los datos personales facilitados a trav\u00e9s del Sitio Web ser\u00e1n tratados por FAMOSA conforme a las siguientes finalidades:<\/p>\n<ul>\n<li>Gestionar las solicitudes de contacto e informaci\u00f3n del usuario a trav\u00e9s de los canales dispuestos para ello en los sitios web de FAMOSA.<\/li>\n<li>Gestionar las solicitudes de recambios realizadas por los consumidores y usuarios de productos de FAMOSA a trav\u00e9s de los canales dispuestos para ello en los sitios web de FAMOSA.<\/li>\n<li>Gestionar la participaci\u00f3n de los usuarios en promociones, sorteos, concursos y otras acciones promocionales que FAMOSA pueda realizar a trav\u00e9s de los sitios web de FAMOSA.<\/li>\n<li>Gestionar el env\u00edo de comunicaciones comerciales de FAMOSA, en el caso de que muestre su conformidad para el env\u00edo de comunicaciones comerciales y a salvo que el usuario solicite su baja a FAMOSA, oponi\u00e9ndose o revocando su consentimiento.<\/li>\n<\/ul>\n<p><strong>5 \u00bfQU\u00c9 DATOS DEL USUARIO TRATAR\u00c1 FAMOSA? <\/strong><\/p>\n<p>FAMOSA tratar\u00e1 las siguientes categor\u00edas de datos del usuario:<\/p>\n<ul>\n<li>Datos identificativos: nombre y apellidos.<\/li>\n<li>Datos de contacto: direcci\u00f3n de correo electr\u00f3nico, tel\u00e9fono y pa\u00eds.<\/li>\n<li>Otros datos: datos facilitados por los propios interesados en los campos abiertos de los formularios dispuestos en el Sitio Web o en los documentos adjuntos.<\/li>\n<li>Datos de navegaci\u00f3n.<\/li>\n<\/ul>\n<p>En caso de que el usuario facilite datos de terceros, manifiesta contar con el consentimiento de los mismos y se compromete a trasladarle la informaci\u00f3n contenida en la Pol\u00edtica de Privacidad, eximiendo a FAMOSA de cualquier responsabilidad en este sentido. No obstante, FAMOSA podr\u00e1 llevar a cabo las verificaciones peri\u00f3dicas para constatar este hecho, adoptando las medidas de diligencia debida que correspondan, conforme a la normativa de protecci\u00f3n de datos.<\/p>\n<p><strong>6 \u00bfCU\u00c1L ES LA LEGITIMACI\u00d3N DEL TRATAMIENTO DE LOS DATOS DEL USUARIO?<\/strong><\/p>\n<p>El tratamiento de los datos del usuario por parte de FAMOSA est\u00e1 basado, bien en el consentimiento que se le solicita y que puede retirar en cualquier momento, bien en su necesidad para el cumplimiento de las obligaciones de FAMOSA derivadas de las propias solicitudes (por ejemplo, solicitudes de recambios, env\u00edo de quejas o sugerencias, etc) o participaciones (gesti\u00f3n de participaci\u00f3n de los usuarios e promociones organizadas por FAMOSA, etc) de los usuarios. No obstante, en caso de retirar su consentimiento, ello no afectar\u00e1 a la licitud de los tratamientos efectuados con anterioridad.<\/p>\n<p>Los consentimientos obtenidos para las finalidades mencionadas son independientes por lo que el usuario podr\u00e1 revocar solo uno de ellos no afectando a los dem\u00e1s.<\/p>\n<p>Para revocar dicho consentimiento, el Usuario podr\u00e1 contactar con FAMOSA a trav\u00e9s de los canales siguientes:<\/p>\n<ul>\n<li>Mediante correo postal dirigido a la atenci\u00f3n del Dpt. Jur\u00eddico y de Protecci\u00f3n de Datos, a la direcci\u00f3n C\/ Chile 4, Edif. 1, 2\u00aa planta, 28290 Las Rozas (Madrid).<\/li>\n<li>Mediante correo electr\u00f3nico a <a href=\"mailto:protecciondatos@famosa.es\">protecciondatos@famosa.es<\/a><\/li>\n<\/ul>\n<p>&nbsp;<\/p>\n<p><strong>7 \u00bfCON QU\u00c9 DESTINATARIOS SE COMPARTIR\u00c1N LOS DATOS DEL USUARIO? <\/strong><\/p>\n<p>Los datos del usuario no ser\u00e1n comunicados a terceros, salvo que por obligaci\u00f3n legal FAMOSA tenga que facilitar los datos a autoridades p\u00fablicas, fuerzas y cuerpos de seguridad y juzgados o tribunales.<\/p>\n<p><strong>8 RESPONSABILIDAD DEL USUARIO.<\/strong><\/p>\n<p>El usuario:<\/p>\n<ul>\n<li>Garantiza que es mayor de dieciocho (18) a\u00f1os y que los datos que facilita a FAMOSA son verdaderos, exactos, completos y actualizados. A estos efectos, el usuario responde de la veracidad de todos los datos que comunique y mantendr\u00e1 convenientemente actualizada la informaci\u00f3n facilitada, de tal forma que responda a su situaci\u00f3n real.<\/li>\n<li>Garantiza que ha informado a los terceros de los que facilite sus datos, en caso de hacerlo, de los aspectos contenidos en este documento. Asimismo, garantiza que ha obtenido su autorizaci\u00f3n para facilitar sus datos a FAMOSA para los fines se\u00f1alados.<\/li>\n<li>Ser\u00e1 responsable de las informaciones falsas o inexactas que proporcione a trav\u00e9s del Sitio Web y de los da\u00f1os y perjuicios, directos o indirectos, que ello cause a FAMOSA o a terceros.<\/li>\n<\/ul>\n<p><strong>9 COMUNICACIONES COMERCIALES Y PROMOCIONALES. <\/strong><\/p>\n<p>Una de las finalidades para las que, en su caso, FAMOSA trata los datos personales proporcionados por parte de los usuarios es para remitirles comunicaciones electr\u00f3nicas con informaci\u00f3n relativa a sus productos, servicios, promociones, ofertas, eventos o noticias relevantes para los usuarios. Siempre que se realice alguna comunicaci\u00f3n de este tipo, \u00e9sta ser\u00e1 dirigida \u00fanica y exclusivamente a aquellos usuarios que hubieran dado previamente su consentimiento para la recepci\u00f3n de las mismas.<\/p>\n<p>En caso de que el usuario desee dejar de recibir comunicaciones comerciales o promocionales por parte de FAMOSA, puede solicitar la baja del servicio enviando un email a la siguiente direcci\u00f3n de correo electr\u00f3nico: <a href=\"mailto:protecciondatos@famosa.es\">protecciondatos@famosa.es<\/a>, o indic\u00e1ndolo mediante la opci\u00f3n de baja proporcionada en cada una de las comunicaciones comerciales enviadas.<\/p>\n<p><strong>10 EJERCICIO DE DERECHOS.<\/strong><\/p>\n<p>El usuario puede enviar un escrito a FAMOSA, por cualquiera de los medios y direcciones indicadas en el <strong>Apartado 6<\/strong> de la presente Pol\u00edtica, adjuntando fotocopia de su documento de identidad, en cualquier momento y de manera gratuita, para:<\/p>\n<p>&nbsp;<\/p>\n<ul>\n<li>Revocar los consentimientos otorgados.<\/li>\n<li>Obtener confirmaci\u00f3n acerca de si en FAMOSA se est\u00e1n tratando datos personales que conciernen al usuario o no.<\/li>\n<li>Acceder a sus datos personales.<\/li>\n<li>Rectificar los datos inexactos o incompletos.<\/li>\n<li>Solicitar la supresi\u00f3n de sus datos cuando, entre otros motivos, los datos ya no sean necesarios para los fines que fueron recogidos.<\/li>\n<li>Obtener de FAMOSA la limitaci\u00f3n del tratamiento de los datos cuando se cumpla alguna de las condiciones previstas en la normativa de protecci\u00f3n de datos.<\/li>\n<li>Obtener intervenci\u00f3n humana, a expresar tu punto de vista y a impugnar las decisiones automatizadas a adoptadas por parte de FAMOSA.<\/li>\n<li>Solicitar la portabilidad de tus datos.<\/li>\n<\/ul>\n<p>En todo caso y sin perjuicio de lo anterior, el usuario puede en cualquier momento Interponer una reclamaci\u00f3n relativa a la protecci\u00f3n de sus datos personales ante la Agencia Espa\u00f1ola de Protecci\u00f3n de Datos en la direcci\u00f3n Calle de Jorge Juan, 6, 28001 Madrid, cuando el interesado considere que FAMOSA ha vulnerado los derechos que le son reconocidos por la normativa aplicable en protecci\u00f3n de datos.<\/p>\n<p><strong>11 MEDIDAS DE SEGURIDAD.<\/strong><\/p>\n<p>FAMOSA tratar\u00e1 los datos del usuario en todo momento de forma absolutamente confidencial y guardando el preceptivo deber de secreto respecto de los mismos, de conformidad con lo previsto en la normativa de aplicaci\u00f3n, adoptando al efecto las medidas de \u00edndole t\u00e9cnica y organizativas necesarias que garanticen la seguridad de sus datos y eviten su alteraci\u00f3n, p\u00e9rdida, tratamiento o acceso no autorizado, habida cuenta del estado de la tecnolog\u00eda, la naturaleza de los datos almacenados y los riesgos a que est\u00e1n expuestos.<\/p>\n<p><strong>COOKIES\u00a0<\/strong>Informaci\u00f3n sobre Cookies.<\/p>\n<p>Las cookies son peque\u00f1os ficheros de informaci\u00f3n que son enviados a su equipo o dispositivo m\u00f3vil cuando visita un sitio web (\u201csite\u201d). Las cookies son enviadas de vuelta al site de origen en cada visita subsiguiente o a otro site que reconoce esa cookie.<\/p>\n<p>Las cookies son \u00fatiles porque permiten que un site reconozca el dispositivo de un usuario, permiti\u00e9ndole navegar eficientemente por las p\u00e1ginas, que recuerde sus preferidas mejorando en general la experiencia del usuario.<\/p>\n<p>Algunas de las cookies emitidas por el servidor de la Web solo tiene la duraci\u00f3n de la sesi\u00f3n de la web y expiran cuando se cierra el navegador.<\/p>\n<p>Otras cookies se usan para acordarse del usuario cuando vuelva a un site y tiene un per\u00edodo de duraci\u00f3n m\u00e1s largo.<\/p>\n<p>La mayor\u00eda de los navegadores web aceptan cookies autom\u00e1ticamente. Puede modificar la configuraci\u00f3n de su navegador para evitar o notificar cada vez que se crea una cookie.<\/p>\n<p>Puede obtener m\u00e1s informaci\u00f3n sobre cookies, incluyendo c\u00f3mo ver qu\u00e9 cookies se crearon en su dispositivo y c\u00f3mo gestionarlas o eliminarlas usando diferentes tipos de navegadores, en: <a href=\"http:\/\/www.allaboutcookies.org\">www.allaboutcookies.org<\/a>.<\/p>\n<p>La capacidad de activar, desactivar o eliminar cookies tambi\u00e9n se puede producir a nivel del navegador web. Para ello, siga las instrucciones proporcionadas por su navegador (generalmente localizadas dentro de las opciones \u201cAyuda\u201d, \u201cHerramientas\u201d o \u201cEditar\u201d). Desactivar una cookie o una categor\u00eda de cookies no borra la cookie del navegador, para ello necesitar\u00e1 hacerlo manualmente en el navegador.<\/p>\n<p>Al bloquear o eliminar las cookies usadas por FAMOSA, es posible que no consiga aprovechar al m\u00e1ximo las funcionalidades de la p\u00e1gina web.<\/p>\n<h3>Legislaci\u00f3n<\/h3>\n<p>La presente pol\u00edtica de privacidad y protecci\u00f3n de datos personales se rige por la legislaci\u00f3n espa\u00f1ola.<\/p>\n<\/div>\n","protected":false},"excerpt":{"rendered":"<p>1 IDENTIFICACI\u00d3N Titular: F\u00c1BRICAS AGRUPADAS DE MU\u00d1ECAS DE ONIL, S.A. (en adelante, \u201cFAMOSA\u201d). NIF: A-84392596 Domicilio social: Calle Chile 4, Edificio 1, 28290 (Las Rozas de Madrid), Madrid &nbsp; 2 INFORMACI\u00d3N Y CONSENTIMIENTO. Mediante la presente Pol\u00edtica de Privacidad, el usuario queda informado y presta su consentimiento libre, informado, espec\u00edfico e inequ\u00edvoco para que los [&hellip;]<\/p>\n","protected":false},"author":1,"featured_media":0,"parent":0,"menu_order":11,"comment_status":"closed","ping_status":"closed","template":"page-generica.php","meta":[],"yoast_head":"<!-- This site is optimized with the Yoast SEO plugin v16.0.2 - https:\/\/yoast.com\/wordpress\/plugins\/seo\/ -->\n<title>Pol\u00edtica de privacidad - Nenuco M\u00e9xico<\/title>\n<link rel=\"canonical\" href=\"https:\/\/www.nenucofamosa.es\/mx\/politica-de-privacidad\/\" \/>\n<meta property=\"og:locale\" content=\"es_MX\" \/>\n<meta property=\"og:type\" content=\"article\" \/>\n<meta property=\"og:title\" content=\"Pol\u00edtica de privacidad - Nenuco M\u00e9xico\" \/>\n<meta property=\"og:description\" content=\"1 IDENTIFICACI\u00d3N Titular: F\u00c1BRICAS AGRUPADAS DE MU\u00d1ECAS DE ONIL, S.A. (en adelante, \u201cFAMOSA\u201d). NIF: A-84392596 Domicilio social: Calle Chile 4, Edificio 1, 28290 (Las Rozas de Madrid), Madrid &nbsp; 2 INFORMACI\u00d3N Y CONSENTIMIENTO. Mediante la presente Pol\u00edtica de Privacidad, el usuario queda informado y presta su consentimiento libre, informado, espec\u00edfico e inequ\u00edvoco para que los [&hellip;]\" \/>\n<meta property=\"og:url\" content=\"https:\/\/www.nenucofamosa.es\/mx\/politica-de-privacidad\/\" \/>\n<meta property=\"og:site_name\" content=\"Nenuco M\u00e9xico\" \/>\n<meta property=\"article:modified_time\" content=\"2018-05-23T09:25:54+00:00\" \/>\n<meta name=\"twitter:card\" content=\"summary\" \/>\n<meta name=\"twitter:label1\" content=\"Tiempo de lectura\">\n\t<meta name=\"twitter:data1\" content=\"8 minutos\">\n<script type=\"application\/ld+json\" class=\"yoast-schema-graph\">{\"@context\":\"https:\/\/schema.org\",\"@graph\":[{\"@type\":\"WebSite\",\"@id\":\"https:\/\/www.nenucofamosa.es\/mx\/#website\",\"url\":\"https:\/\/www.nenucofamosa.es\/mx\/\",\"name\":\"Nenuco M\\u00e9xico\",\"description\":\"Otro sitio realizado con WordPress\",\"potentialAction\":[{\"@type\":\"SearchAction\",\"target\":\"https:\/\/www.nenucofamosa.es\/mx\/?s={search_term_string}\",\"query-input\":\"required name=search_term_string\"}],\"inLanguage\":\"es-MX\"},{\"@type\":\"WebPage\",\"@id\":\"https:\/\/www.nenucofamosa.es\/mx\/politica-de-privacidad\/#webpage\",\"url\":\"https:\/\/www.nenucofamosa.es\/mx\/politica-de-privacidad\/\",\"name\":\"Pol\\u00edtica de privacidad - Nenuco M\\u00e9xico\",\"isPartOf\":{\"@id\":\"https:\/\/www.nenucofamosa.es\/mx\/#website\"},\"datePublished\":\"2015-11-26T09:13:45+00:00\",\"dateModified\":\"2018-05-23T09:25:54+00:00\",\"breadcrumb\":{\"@id\":\"https:\/\/www.nenucofamosa.es\/mx\/politica-de-privacidad\/#breadcrumb\"},\"inLanguage\":\"es-MX\",\"potentialAction\":[{\"@type\":\"ReadAction\",\"target\":[\"https:\/\/www.nenucofamosa.es\/mx\/politica-de-privacidad\/\"]}]},{\"@type\":\"BreadcrumbList\",\"@id\":\"https:\/\/www.nenucofamosa.es\/mx\/politica-de-privacidad\/#breadcrumb\",\"itemListElement\":[{\"@type\":\"ListItem\",\"position\":1,\"item\":{\"@type\":\"WebPage\",\"@id\":\"https:\/\/www.nenucofamosa.es\/mx\/\",\"url\":\"https:\/\/www.nenucofamosa.es\/mx\/\",\"name\":\"Inicio\"}},{\"@type\":\"ListItem\",\"position\":2,\"item\":{\"@type\":\"WebPage\",\"@id\":\"https:\/\/www.nenucofamosa.es\/mx\/politica-de-privacidad\/\",\"url\":\"https:\/\/www.nenucofamosa.es\/mx\/politica-de-privacidad\/\",\"name\":\"Pol\\u00edtica de privacidad\"}}]}]}<\/script>\n<!-- \/ Yoast SEO plugin. -->","_links":{"self":[{"href":"https:\/\/www.nenucofamosa.es\/mx\/wp-json\/wp\/v2\/pages\/144"}],"collection":[{"href":"https:\/\/www.nenucofamosa.es\/mx\/wp-json\/wp\/v2\/pages"}],"about":[{"href":"https:\/\/www.nenucofamosa.es\/mx\/wp-json\/wp\/v2\/types\/page"}],"author":[{"embeddable":true,"href":"https:\/\/www.nenucofamosa.es\/mx\/wp-json\/wp\/v2\/users\/1"}],"replies":[{"embeddable":true,"href":"https:\/\/www.nenucofamosa.es\/mx\/wp-json\/wp\/v2\/comments?post=144"}],"version-history":[{"count":3,"href":"https:\/\/www.nenucofamosa.es\/mx\/wp-json\/wp\/v2\/pages\/144\/revisions"}],"predecessor-version":[{"id":1020,"href":"https:\/\/www.nenucofamosa.es\/mx\/wp-json\/wp\/v2\/pages\/144\/revisions\/1020"}],"wp:attachment":[{"href":"https:\/\/www.nenucofamosa.es\/mx\/wp-json\/wp\/v2\/media?parent=144"}],"curies":[{"name":"wp","href":"https:\/\/api.w.org\/{rel}","templated":true}]}}