{"id":426,"date":"2015-11-30T08:43:59","date_gmt":"2015-11-30T08:43:59","guid":{"rendered":"http:\/\/www.nenucofamosa.es\/it\/?page_id=426"},"modified":"2024-01-23T16:26:58","modified_gmt":"2024-01-23T16:26:58","slug":"incontra-nenuco","status":"publish","type":"page","link":"https:\/\/www.nenucofamosa.es\/it\/incontra-nenuco\/","title":{"rendered":"Incontra Nenuco"},"content":{"rendered":"","protected":false},"excerpt":{"rendered":"","protected":false},"author":1,"featured_media":0,"parent":0,"menu_order":7,"comment_status":"closed","ping_status":"closed","template":"page-conoce.php","meta":[],"yoast_head":"<!-- This site is optimized with the Yoast SEO plugin v16.0.2 - https:\/\/yoast.com\/wordpress\/plugins\/seo\/ -->\n<title>Conoscere Nenuco - Nenuco<\/title>\n<meta name=\"description\" content=\"Vieni a scoprire Nenuco. Nenuco \u00e8 la bambola pi\u00f9 famosa in tutto il mondo per bambini e bambine per tutte le et\u00e0!E&#039; cos\u00ec carina!\" \/>\n<link rel=\"canonical\" href=\"https:\/\/www.nenucofamosa.es\/it\/incontra-nenuco\/\" \/>\n<meta property=\"og:locale\" content=\"it_IT\" \/>\n<meta property=\"og:type\" content=\"article\" \/>\n<meta property=\"og:title\" content=\"Conoscere Nenuco - Nenuco\" \/>\n<meta property=\"og:description\" content=\"Vieni a scoprire Nenuco. Nenuco \u00e8 la bambola pi\u00f9 famosa in tutto il mondo per bambini e bambine per tutte le et\u00e0!E&#039; cos\u00ec carina!\" \/>\n<meta property=\"og:url\" content=\"https:\/\/www.nenucofamosa.es\/it\/incontra-nenuco\/\" \/>\n<meta property=\"og:site_name\" content=\"Nenuco Italia\" \/>\n<meta property=\"article:modified_time\" content=\"2024-01-23T16:26:58+00:00\" \/>\n<meta name=\"twitter:card\" content=\"summary\" \/>\n<script type=\"application\/ld+json\" class=\"yoast-schema-graph\">{\"@context\":\"https:\/\/schema.org\",\"@graph\":[{\"@type\":\"WebSite\",\"@id\":\"https:\/\/www.nenucofamosa.es\/it\/#website\",\"url\":\"https:\/\/www.nenucofamosa.es\/it\/\",\"name\":\"Nenuco Italia\",\"description\":\"Otro sitio realizado con WordPress\",\"potentialAction\":[{\"@type\":\"SearchAction\",\"target\":\"https:\/\/www.nenucofamosa.es\/it\/?s={search_term_string}\",\"query-input\":\"required name=search_term_string\"}],\"inLanguage\":\"it-IT\"},{\"@type\":\"WebPage\",\"@id\":\"https:\/\/www.nenucofamosa.es\/it\/incontra-nenuco\/#webpage\",\"url\":\"https:\/\/www.nenucofamosa.es\/it\/incontra-nenuco\/\",\"name\":\"Conoscere Nenuco - Nenuco\",\"isPartOf\":{\"@id\":\"https:\/\/www.nenucofamosa.es\/it\/#website\"},\"datePublished\":\"2015-11-30T08:43:59+00:00\",\"dateModified\":\"2024-01-23T16:26:58+00:00\",\"description\":\"Vieni a scoprire Nenuco. Nenuco \\u00e8 la bambola pi\\u00f9 famosa in tutto il mondo per bambini e bambine per tutte le et\\u00e0!E' cos\\u00ec carina!\",\"breadcrumb\":{\"@id\":\"https:\/\/www.nenucofamosa.es\/it\/incontra-nenuco\/#breadcrumb\"},\"inLanguage\":\"it-IT\",\"potentialAction\":[{\"@type\":\"ReadAction\",\"target\":[\"https:\/\/www.nenucofamosa.es\/it\/incontra-nenuco\/\"]}]},{\"@type\":\"BreadcrumbList\",\"@id\":\"https:\/\/www.nenucofamosa.es\/it\/incontra-nenuco\/#breadcrumb\",\"itemListElement\":[{\"@type\":\"ListItem\",\"position\":1,\"item\":{\"@type\":\"WebPage\",\"@id\":\"https:\/\/www.nenucofamosa.es\/it\/\",\"url\":\"https:\/\/www.nenucofamosa.es\/it\/\",\"name\":\"Inizio\"}},{\"@type\":\"ListItem\",\"position\":2,\"item\":{\"@type\":\"WebPage\",\"@id\":\"https:\/\/www.nenucofamosa.es\/it\/incontra-nenuco\/\",\"url\":\"https:\/\/www.nenucofamosa.es\/it\/incontra-nenuco\/\",\"name\":\"Incontra Nenuco\"}}]}]}<\/script>\n<!-- \/ Yoast SEO plugin. -->","_links":{"self":[{"href":"https:\/\/www.nenucofamosa.es\/it\/wp-json\/wp\/v2\/pages\/426"}],"collection":[{"href":"https:\/\/www.nenucofamosa.es\/it\/wp-json\/wp\/v2\/pages"}],"about":[{"href":"https:\/\/www.nenucofamosa.es\/it\/wp-json\/wp\/v2\/types\/page"}],"author":[{"embeddable":true,"href":"https:\/\/www.nenucofamosa.es\/it\/wp-json\/wp\/v2\/users\/1"}],"replies":[{"embeddable":true,"href":"https:\/\/www.nenucofamosa.es\/it\/wp-json\/wp\/v2\/comments?post=426"}],"version-history":[{"count":7,"href":"https:\/\/www.nenucofamosa.es\/it\/wp-json\/wp\/v2\/pages\/426\/revisions"}],"predecessor-version":[{"id":882,"href":"https:\/\/www.nenucofamosa.es\/it\/wp-json\/wp\/v2\/pages\/426\/revisions\/882"}],"wp:attachment":[{"href":"https:\/\/www.nenucofamosa.es\/it\/wp-json\/wp\/v2\/media?parent=426"}],"curies":[{"name":"wp","href":"https:\/\/api.w.org\/{rel}","templated":true}]}}