{"id":147,"date":"2015-11-26T09:22:08","date_gmt":"2015-11-26T09:22:08","guid":{"rendered":"http:\/\/www.nenucofamosa.es\/it\/?page_id=147"},"modified":"2016-03-11T12:55:41","modified_gmt":"2016-03-11T12:55:41","slug":"informazioni-legali","status":"publish","type":"page","link":"https:\/\/www.nenucofamosa.es\/it\/informazioni-legali\/","title":{"rendered":"Informazioni Legali"},"content":{"rendered":"<p class=\"p1\"><strong>Informazioni Legali<\/strong><\/p>\n<p class=\"p1\">Questo sito web (di seguito &#8220;Il Sito&#8221;) \u00e8 di propriet\u00e0 di: : F\u00e1bricas Agrupadas de Mu\u00f1ecas de Onil, S.A.U. (di seguito, &#8220;Famosa&#8221;).<\/p>\n<p class=\"p1\">Sede Legale : \u00a0C\/ del Franco s\/n, Pol\u00edgono Industrial \u201cLas Atalayas\u201d, 03114 Alicante.<\/p>\n<p class=\"p1\">Dati di registrazione: Registro del Commercio di Alicante, Volume 3478, foglio 47, pagina 103 A 414<\/p>\n<p class=\"p1\">Codice fiscale (CI): A-84.392.596<\/p>\n<p class=\"p2\">\n<p class=\"p1\"><b>Propriet\u00e0 intellettuale e industriale<\/b><\/p>\n<p class=\"p1\">Tutti i contenuti del Sito, intendendo a titolo puramente informativo, \u00a0testi, fotografie, grafica, immagini, loghi, marchi, icone, tecnologia, software, link e altri contenuti, audiovisivi, audio o altro, come la loro progettazione grafica e codici sorgente (di seguito, il &#8220;Contenuto&#8221;) sono di propriet\u00e0 intellettuale e \/ o industriale di Famosa o di terzi, essendo Famosa in quest&#8217;ultimo caso un licenziatario autorizzato. Nessun diritto, di sfruttamento e non, sui Contenuti si intender\u00e0 ceduto a persone che hanno accesso al Sito o al Contenuto (di seguito, l &#8216;&#8221;Utente&#8221;), al di l\u00e0 di quanto necessario per il corretto uso del Sito. I marchi, i nomi commerciali o i loghi distintivi sono di propriet\u00e0 di Famosa o di terzi, rispetto al quali Famosa \u00e8 un licenziatario autorizzato, e non pu\u00f2 essere interpretato che l&#8217;accesso al Sito conferisce a chiunque il diritto sui marchi, nomi commerciali e \/ o loghi distintivi.<\/p>\n<p class=\"p2\">\n<p class=\"p1\"><b>Norme di uso del Sito<\/b><\/p>\n<p class=\"p1\">La navigazione nel Sito attribuisce la condizione di Utente dello stesso e comporta la piena e incondizionata accettazione di tutte le disposizioni contenute nelle presenti Informazioni legali, che potrebbero essere suscettibili di modifiche.<\/p>\n<p class=\"p1\">L&#8217;Utente del Sito si impegna a utilizzare il Sito e il Contenuto in conformit\u00e0 con la legge e le presenti Informazioni legali, cos\u00ec come le altre condizioni, i regolamenti e le istruzioni che possono essere caso per caso applicate. A titolo informativo, \u00e8 fatto divieto all&#8217;Utente di riprodurre, copiare, distribuire, mettere a disposizione di terzi, comunicare pubblicamente, trasformare o modificare i Contenuti, ad eccezione di quanto consentito dalla legge o espressamente autorizzato da Famosa o chi detiene la titolarit\u00e0 dei diritti di sfruttamento, se presente. L&#8217;accesso al Sito non implica l&#8217;obbligo per Famosa di garantire l&#8217;assenza di virus o di altri elementi dannosi. E\u2019 dell&#8217;Utente, in ogni caso, la responsabilit\u00e0 di disporre di strumenti adeguati per la detenzione e la disinfezione di programmi informatici dannosi. Famosa non \u00e8 responsabile per i danni ai computer degli utenti o di terzi durante la fruizione del servizio del Sito.<\/p>\n<p class=\"p2\">\n<p class=\"p1\"><b>Links<\/b><\/p>\n<p class=\"p1\">Se il Sito include dispositivi tecnici di links, directory e motori di ricerca che permettono all&#8217;Utente di accedere ad altri siti web e portali online (d&#8217;ora in poi &#8220;Siti linkati&#8221;), a condizione che tali Siti Linkati non corrispondono a pagine web di propriet\u00e0 Famosa (di cui si informer\u00e0 espressamente nella relativa &#8220;nota legale&#8221; o &#8220;Condizioni di utilizzo&#8221; pubblicata su tali Siti Linkati di propriet\u00e0 di Famosa), si applica quanto di seguito riportato.<\/p>\n<p class=\"p1\">In riferimento ai Siti Linkati, Famosa non \u00e8 responsabile dei contenuti e dei servizi offerti nei Links. Famosa non \u00e8 a conoscenza dei contenuti e dei servizi dei Links, e pertanto non \u00e8 responsabile per i danni causati dalla illegalit\u00e0, qualit\u00e0, mancata disponibilit\u00e0, e inutilit\u00e0 dei contenuti e \/ o servizi dei Links n\u00e9 di qualsiasi altro danno non direttamente imputabile a Famosa.<\/p>\n<p class=\"p1\">In nessun caso, l\u2019esistenza di Links deve presupporre l&#8217;esistenza di accordi con i responsabili o titolari degli stessi, o la raccomandazione, promozione o identificazione di Famosa con i contenuti o servizi forniti sui Siti Linkati.<\/p>\n<p class=\"p1\">Nel caso in cui l&#8217;Utente o qualsiasi altro Utente di Internet abbia appreso che Siti Linkati rimandano a pagine i cui contenuti o servizi siano illeciti, dannosi, degradanti, violenti o contrari alla moralit\u00e0 possono contattare Famosa indicando le seguenti informazioni:<\/p>\n<p class=\"p1\">Dati Personali del comunicante : nome, indirizzo, numero di telefono e indirizzo di posta elettronica;<\/p>\n<p class=\"p1\">Descrizione dei fatti che rivelano il carattere illecito o inadeguato del sito collegato;<\/p>\n<p class=\"p1\">In caso di violazione dei diritti, quali la propriet\u00e0 intellettuale o industriale , i Dati Personali del titolare del diritto violato, dove differente dal comunicante. Inoltre deve fornire la documentazione attestante i diritti legittimi del titolare e, se del caso, la rappresentanza ad agire per conto del proprietario, quando persona diversa dal richiedente;<\/p>\n<p class=\"p1\">Ddichiarazione che le informazioni contenute nella denuncia sono corrette.<\/p>\n<p class=\"p1\">La ricezione di Famosa delle comunicazione previste in questa clausola non sottender\u00e0 l\u2019effettiva conoscenza delle attivit\u00e0 e \/ o contenuti specificati dal comunicante.<\/p>\n<p class=\"p3\">\n","protected":false},"excerpt":{"rendered":"<p>Informazioni Legali Questo sito web (di seguito &#8220;Il Sito&#8221;) \u00e8 di propriet\u00e0 di: : F\u00e1bricas Agrupadas de Mu\u00f1ecas de Onil, S.A.U. (di seguito, &#8220;Famosa&#8221;). Sede Legale : \u00a0C\/ del Franco s\/n, Pol\u00edgono Industrial \u201cLas Atalayas\u201d, 03114 Alicante. Dati di registrazione: Registro del Commercio di Alicante, Volume 3478, foglio 47, pagina 103 A 414 Codice fiscale [&hellip;]<\/p>\n","protected":false},"author":1,"featured_media":0,"parent":0,"menu_order":5,"comment_status":"closed","ping_status":"closed","template":"page-generica.php","meta":[],"yoast_head":"<!-- This site is optimized with the Yoast SEO plugin v16.0.2 - https:\/\/yoast.com\/wordpress\/plugins\/seo\/ -->\n<title>Informazioni Legali - Nenuco Italia<\/title>\n<link rel=\"canonical\" href=\"https:\/\/www.nenucofamosa.es\/it\/informazioni-legali\/\" \/>\n<meta property=\"og:locale\" content=\"it_IT\" \/>\n<meta property=\"og:type\" content=\"article\" \/>\n<meta property=\"og:title\" content=\"Informazioni Legali - Nenuco Italia\" \/>\n<meta property=\"og:description\" content=\"Informazioni Legali Questo sito web (di seguito &#8220;Il Sito&#8221;) \u00e8 di propriet\u00e0 di: : F\u00e1bricas Agrupadas de Mu\u00f1ecas de Onil, S.A.U. (di seguito, &#8220;Famosa&#8221;). Sede Legale : \u00a0C\/ del Franco s\/n, Pol\u00edgono Industrial \u201cLas Atalayas\u201d, 03114 Alicante. Dati di registrazione: Registro del Commercio di Alicante, Volume 3478, foglio 47, pagina 103 A 414 Codice fiscale [&hellip;]\" \/>\n<meta property=\"og:url\" content=\"https:\/\/www.nenucofamosa.es\/it\/informazioni-legali\/\" \/>\n<meta property=\"og:site_name\" content=\"Nenuco Italia\" \/>\n<meta property=\"article:modified_time\" content=\"2016-03-11T12:55:41+00:00\" \/>\n<meta name=\"twitter:card\" content=\"summary\" \/>\n<meta name=\"twitter:label1\" content=\"Tempo di lettura stimato\">\n\t<meta name=\"twitter:data1\" content=\"4 minuti\">\n<script type=\"application\/ld+json\" class=\"yoast-schema-graph\">{\"@context\":\"https:\/\/schema.org\",\"@graph\":[{\"@type\":\"WebSite\",\"@id\":\"https:\/\/www.nenucofamosa.es\/it\/#website\",\"url\":\"https:\/\/www.nenucofamosa.es\/it\/\",\"name\":\"Nenuco Italia\",\"description\":\"Otro sitio realizado con WordPress\",\"potentialAction\":[{\"@type\":\"SearchAction\",\"target\":\"https:\/\/www.nenucofamosa.es\/it\/?s={search_term_string}\",\"query-input\":\"required name=search_term_string\"}],\"inLanguage\":\"it-IT\"},{\"@type\":\"WebPage\",\"@id\":\"https:\/\/www.nenucofamosa.es\/it\/informazioni-legali\/#webpage\",\"url\":\"https:\/\/www.nenucofamosa.es\/it\/informazioni-legali\/\",\"name\":\"Informazioni Legali - Nenuco Italia\",\"isPartOf\":{\"@id\":\"https:\/\/www.nenucofamosa.es\/it\/#website\"},\"datePublished\":\"2015-11-26T09:22:08+00:00\",\"dateModified\":\"2016-03-11T12:55:41+00:00\",\"breadcrumb\":{\"@id\":\"https:\/\/www.nenucofamosa.es\/it\/informazioni-legali\/#breadcrumb\"},\"inLanguage\":\"it-IT\",\"potentialAction\":[{\"@type\":\"ReadAction\",\"target\":[\"https:\/\/www.nenucofamosa.es\/it\/informazioni-legali\/\"]}]},{\"@type\":\"BreadcrumbList\",\"@id\":\"https:\/\/www.nenucofamosa.es\/it\/informazioni-legali\/#breadcrumb\",\"itemListElement\":[{\"@type\":\"ListItem\",\"position\":1,\"item\":{\"@type\":\"WebPage\",\"@id\":\"https:\/\/www.nenucofamosa.es\/it\/\",\"url\":\"https:\/\/www.nenucofamosa.es\/it\/\",\"name\":\"Inizio\"}},{\"@type\":\"ListItem\",\"position\":2,\"item\":{\"@type\":\"WebPage\",\"@id\":\"https:\/\/www.nenucofamosa.es\/it\/informazioni-legali\/\",\"url\":\"https:\/\/www.nenucofamosa.es\/it\/informazioni-legali\/\",\"name\":\"Informazioni Legali\"}}]}]}<\/script>\n<!-- \/ Yoast SEO plugin. -->","_links":{"self":[{"href":"https:\/\/www.nenucofamosa.es\/it\/wp-json\/wp\/v2\/pages\/147"}],"collection":[{"href":"https:\/\/www.nenucofamosa.es\/it\/wp-json\/wp\/v2\/pages"}],"about":[{"href":"https:\/\/www.nenucofamosa.es\/it\/wp-json\/wp\/v2\/types\/page"}],"author":[{"embeddable":true,"href":"https:\/\/www.nenucofamosa.es\/it\/wp-json\/wp\/v2\/users\/1"}],"replies":[{"embeddable":true,"href":"https:\/\/www.nenucofamosa.es\/it\/wp-json\/wp\/v2\/comments?post=147"}],"version-history":[{"count":4,"href":"https:\/\/www.nenucofamosa.es\/it\/wp-json\/wp\/v2\/pages\/147\/revisions"}],"predecessor-version":[{"id":784,"href":"https:\/\/www.nenucofamosa.es\/it\/wp-json\/wp\/v2\/pages\/147\/revisions\/784"}],"wp:attachment":[{"href":"https:\/\/www.nenucofamosa.es\/it\/wp-json\/wp\/v2\/media?parent=147"}],"curies":[{"name":"wp","href":"https:\/\/api.w.org\/{rel}","templated":true}]}}