{"id":426,"date":"2015-11-30T08:43:59","date_gmt":"2015-11-30T08:43:59","guid":{"rendered":"http:\/\/www.nenucofamosa.es\/fr\/?page_id=426"},"modified":"2016-05-09T10:43:11","modified_gmt":"2016-05-09T10:43:11","slug":"decouvre-lunivers-nenuco","status":"publish","type":"page","link":"https:\/\/www.nenucofamosa.es\/fr\/decouvre-lunivers-nenuco\/","title":{"rendered":"Univers Nenuco"},"content":{"rendered":"","protected":false},"excerpt":{"rendered":"","protected":false},"author":1,"featured_media":0,"parent":0,"menu_order":7,"comment_status":"closed","ping_status":"closed","template":"page-conoce.php","meta":[],"yoast_head":"<!-- This site is optimized with the Yoast SEO plugin v16.0.2 - https:\/\/yoast.com\/wordpress\/plugins\/seo\/ -->\n<title>D\u00e9couvre l&#039;univers de Nenuco - Nenuco<\/title>\n<meta name=\"description\" content=\"Viens d\u00e9couvrir les poupons Nenuco. Nenuco est le poupon le plus connu dans le monde par les filles et les gar\u00e7ons de tout \u00e2ge. Ils sont tellement mignons!\" \/>\n<link rel=\"canonical\" href=\"https:\/\/www.nenucofamosa.es\/fr\/decouvre-lunivers-nenuco\/\" \/>\n<meta property=\"og:locale\" content=\"fr_FR\" \/>\n<meta property=\"og:type\" content=\"article\" \/>\n<meta property=\"og:title\" content=\"D\u00e9couvre l&#039;univers de Nenuco - Nenuco\" \/>\n<meta property=\"og:description\" content=\"Viens d\u00e9couvrir les poupons Nenuco. Nenuco est le poupon le plus connu dans le monde par les filles et les gar\u00e7ons de tout \u00e2ge. Ils sont tellement mignons!\" \/>\n<meta property=\"og:url\" content=\"https:\/\/www.nenucofamosa.es\/fr\/decouvre-lunivers-nenuco\/\" \/>\n<meta property=\"og:site_name\" content=\"Nenuco Francia\" \/>\n<meta property=\"article:modified_time\" content=\"2016-05-09T10:43:11+00:00\" \/>\n<meta name=\"twitter:card\" content=\"summary\" \/>\n<script type=\"application\/ld+json\" class=\"yoast-schema-graph\">{\"@context\":\"https:\/\/schema.org\",\"@graph\":[{\"@type\":\"WebSite\",\"@id\":\"https:\/\/www.nenucofamosa.es\/fr\/#website\",\"url\":\"https:\/\/www.nenucofamosa.es\/fr\/\",\"name\":\"Nenuco Francia\",\"description\":\"Otro sitio realizado con WordPress\",\"potentialAction\":[{\"@type\":\"SearchAction\",\"target\":\"https:\/\/www.nenucofamosa.es\/fr\/?s={search_term_string}\",\"query-input\":\"required name=search_term_string\"}],\"inLanguage\":\"fr-FR\"},{\"@type\":\"WebPage\",\"@id\":\"https:\/\/www.nenucofamosa.es\/fr\/decouvre-lunivers-nenuco\/#webpage\",\"url\":\"https:\/\/www.nenucofamosa.es\/fr\/decouvre-lunivers-nenuco\/\",\"name\":\"D\\u00e9couvre l'univers de Nenuco - Nenuco\",\"isPartOf\":{\"@id\":\"https:\/\/www.nenucofamosa.es\/fr\/#website\"},\"datePublished\":\"2015-11-30T08:43:59+00:00\",\"dateModified\":\"2016-05-09T10:43:11+00:00\",\"description\":\"Viens d\\u00e9couvrir les poupons Nenuco. Nenuco est le poupon le plus connu dans le monde par les filles et les gar\\u00e7ons de tout \\u00e2ge. Ils sont tellement mignons!\",\"breadcrumb\":{\"@id\":\"https:\/\/www.nenucofamosa.es\/fr\/decouvre-lunivers-nenuco\/#breadcrumb\"},\"inLanguage\":\"fr-FR\",\"potentialAction\":[{\"@type\":\"ReadAction\",\"target\":[\"https:\/\/www.nenucofamosa.es\/fr\/decouvre-lunivers-nenuco\/\"]}]},{\"@type\":\"BreadcrumbList\",\"@id\":\"https:\/\/www.nenucofamosa.es\/fr\/decouvre-lunivers-nenuco\/#breadcrumb\",\"itemListElement\":[{\"@type\":\"ListItem\",\"position\":1,\"item\":{\"@type\":\"WebPage\",\"@id\":\"https:\/\/www.nenucofamosa.es\/fr\/\",\"url\":\"https:\/\/www.nenucofamosa.es\/fr\/\",\"name\":\"Accueil\"}},{\"@type\":\"ListItem\",\"position\":2,\"item\":{\"@type\":\"WebPage\",\"@id\":\"https:\/\/www.nenucofamosa.es\/fr\/decouvre-lunivers-nenuco\/\",\"url\":\"https:\/\/www.nenucofamosa.es\/fr\/decouvre-lunivers-nenuco\/\",\"name\":\"Univers Nenuco\"}}]}]}<\/script>\n<!-- \/ Yoast SEO plugin. -->","_links":{"self":[{"href":"https:\/\/www.nenucofamosa.es\/fr\/wp-json\/wp\/v2\/pages\/426"}],"collection":[{"href":"https:\/\/www.nenucofamosa.es\/fr\/wp-json\/wp\/v2\/pages"}],"about":[{"href":"https:\/\/www.nenucofamosa.es\/fr\/wp-json\/wp\/v2\/types\/page"}],"author":[{"embeddable":true,"href":"https:\/\/www.nenucofamosa.es\/fr\/wp-json\/wp\/v2\/users\/1"}],"replies":[{"embeddable":true,"href":"https:\/\/www.nenucofamosa.es\/fr\/wp-json\/wp\/v2\/comments?post=426"}],"version-history":[{"count":11,"href":"https:\/\/www.nenucofamosa.es\/fr\/wp-json\/wp\/v2\/pages\/426\/revisions"}],"predecessor-version":[{"id":979,"href":"https:\/\/www.nenucofamosa.es\/fr\/wp-json\/wp\/v2\/pages\/426\/revisions\/979"}],"wp:attachment":[{"href":"https:\/\/www.nenucofamosa.es\/fr\/wp-json\/wp\/v2\/media?parent=426"}],"curies":[{"name":"wp","href":"https:\/\/api.w.org\/{rel}","templated":true}]}}