{"id":147,"date":"2015-11-26T09:22:08","date_gmt":"2015-11-26T09:22:08","guid":{"rendered":"http:\/\/www.nenucofamosa.es\/fr\/?page_id=147"},"modified":"2016-03-11T11:44:42","modified_gmt":"2016-03-11T11:44:42","slug":"mentions-legales","status":"publish","type":"page","link":"https:\/\/www.nenucofamosa.es\/fr\/mentions-legales\/","title":{"rendered":"Mentions l\u00e9gales"},"content":{"rendered":"<p class=\"p1\"><strong>Notification l\u00e9gale<\/strong><\/p>\n<p class=\"p1\">Le pr\u00e9sent portail Internet (ci-dessous \u201cle Portail\u201d) appartient \u00e0 : F\u00e1bricas Agrupadas de Mu\u00f1ecas de Onil, S.A.U. (ci-apr\u00e8s, \u201cFamosa\u201d). Si\u00e8ge social : C\/ del Franco s\/n, Pol\u00edgono Industrial \u201cLas Atalayas\u201d, 03114 Alicante. Donn\u00e9es relatives \u00e0 l\u2019enregistrement : registre du commerce et des soci\u00e9t\u00e9s d\u2019Alicante. Tome 3478, folio 47, feuillet A \u2013 103.414. Num\u00e9ro d\u2019identification fiscale (NIF): A-84392596.<\/p>\n<p class=\"p1\"><strong>Propri\u00e9t\u00e9 intellectuelle et industrielle<\/strong><\/p>\n<p class=\"p1\">Tous les contenus du Portail, \u00e0 savoir, \u00e0 titre uniquement \u00e9nonciatif, les textes, les photographies, les graphiques, les images, les logotypes, les marques, les icones, la technologie, les logiciels, les liens et les autres contenus, les moyens audiovisuels, sonores ou autres, ainsi que les dessins graphiques et les codes sources (ci-dessous les \u00ab contenus \u00bb) font partie de la propri\u00e9t\u00e9 intellectuelle et\/ou industrielle de Famosa ou de tiers et Famosa est, dans ce dernier cas, d\u00e9tenteur agr\u00e9\u00e9 d\u2019une licence. Aucun droit d\u2019exploitation ou autre sur les Contenus sera consid\u00e9r\u00e9 comme \u00e9tant c\u00e9d\u00e9 aux personnes qui pourraient acc\u00e9der au Portail ou aux contenus (ci-dessous l\u2019 \u00ab Utilisateur \u00bb) au-del\u00e0 de ce qui est strictement n\u00e9cessaire \u00e0 l\u2019utilisation appropri\u00e9e du Portail. Les marques, les noms commerciaux ou les signes distinctifs appartiennent \u00e0 Famosa ou \u00e0 des tiers. En cons\u00e9quence, Famosa est d\u00e9tenteur agr\u00e9\u00e9 d\u2019une licence. L\u2019acc\u00e8s au Portail n\u2019a toutefois pas pour effet d\u2019attribuer un quelconque droit sur lesdits noms commerciaux, marques et\/ou signes distinctifs.<\/p>\n<p class=\"p1\"><strong>R\u00e8gles d\u2019utilisation du Portail<\/strong><\/p>\n<p class=\"p1\">La navigation sur le Portail conf\u00e8re la condition d\u2019Utilisateur de celui-ci et implique l\u2019acceptation pleine et sans r\u00e9serve de toutes les dispositions incluses dans la pr\u00e9sente Notification l\u00e9gale, lesquelles sont modifiables. L\u2019Utilisateur du Portail s\u2019engage \u00e0 utiliser le Portail et les Contenus conform\u00e9ment aux dispositions l\u00e9gales et celles de la pr\u00e9sente notification l\u00e9gale, ainsi que des autres conditions, r\u00e8glements et instructions qui seraient, le cas \u00e9ch\u00e9ant, applicables. \u00c0 titre uniquement \u00e9nonciatif, il est totalement interdit \u00e0 l\u2019Utilisateur de reproduire, de copier, de distribuer, de mettre \u00e0 la disposition de tiers, de communiquer publiquement, de transformer ou de modifier les Contenus, sauf dans les cas autoris\u00e9s par la loi ou, le cas \u00e9ch\u00e9ant, express\u00e9ment autoris\u00e9s par Famosa ou par le titulaire des droits d\u2019exploitation. L\u2019acc\u00e8s au Portail n\u2019a pas pour effet d\u2019obliger Famosa \u00e0 s\u2019assurer de l\u2019absence de virus ou de tout autre \u00e9l\u00e9ment informatique nuisible. En tout \u00e9tat de cause, l\u2019Utilisateur met \u00e0 disposition des outils appropri\u00e9s de d\u00e9tection et de d\u00e9sinfection des programmes informatiques endommag\u00e9s. Famosa ne r\u00e9pond pas de tous dommages occasionn\u00e9s, pendant la prestation de service du Portail, aux \u00e9quipements informatiques des Utilisateurs ou de tiers.<\/p>\n<p class=\"p1\"><strong>Liens<\/strong><\/p>\n<p class=\"p1\">Dans le cas o\u00f9 le Portail comprendrait des dispositifs techniques de lien, des r\u00e9pertoires ainsi que des outils de recherche permettant \u00e0 l\u2019Utilisateur d\u2019acc\u00e9der \u00e0 d\u2019autres pages et portails Internet (ci-dessous les \u00ab Sites \u00e0 lien \u00bb), et pour autant que lesdits Sites \u00e0 lien ne correspondent pas \u00e0 des pages Web appartenant \u00e9galement \u00e0 Famosa (ce qui sera express\u00e9ment notifi\u00e9 dans la \u00ab notification l\u00e9gale \u00bb ou dans les \u00ab r\u00e8gles d\u2019utilisation \u00bb publi\u00e9es sur lesdits Sites \u00e0 lien appartenant \u00e0 FAMOSA), seront applicables les dispositions ci-dessous. Concernant les Sites \u00e0 lien, Famosa ne sera pas tenu de r\u00e9pondre des contenus et services fournis sur les Sites \u00e0 liens. FAMOSA ne conna\u00eet ni les contenus ni les services des Sites \u00e0 liens. En cons\u00e9quence, il ne r\u00e9pond pas de tous dommages occasionn\u00e9s par toute proscription, disposition, manque d\u2019informations appropri\u00e9es, indisponibilit\u00e9, erreur ou inutilit\u00e9 des contenus et\/ou services des Sites \u00e0 liens, ni de tout autre dommage non directement imputable \u00e0 Famosa. En aucun cas l\u2019existence des Sites \u00e0 liens n\u2019emportera l\u2019existence d\u2019accords avec les responsables ou titulaires de ceux-ci, ni toute recommandation ou promotion en faveur des d\u00e9clarations, des contenus ou des services fournis sur les Sites \u00e0 liens, ni toute identification avec ceux-ci. Dans le cas o\u00f9 l\u2019Utilisateur ou tout autre utilisateur d\u2019Internet prendrait connaissance du fait que les Sites \u00e0 liens renvoient \u00e0 des pages dont les services ou les contenus sont illicites, nocifs, offusquants, violents ou contraires \u00e0 la morale, il pourra contacter Famosa en indiquant ce qui suit : &#8211; les donn\u00e9es personnelles du communiquant : nom, adresse, num\u00e9ro de t\u00e9l\u00e9phone et adresse courriel ; &#8211; description des faits r\u00e9v\u00e9lant le caract\u00e8re licite ou inappropri\u00e9 du Site \u00e0 lien. &#8211; en cas de violation de droits de la propri\u00e9t\u00e9 intellectuelle ou industrielle, les donn\u00e9es personnelles du titulaire du droit enfreint, dans le cas o\u00f9 ledit titulaire serait une autre personne que le communiquant ; &#8211; d\u00e9claration expresse selon laquelle les informations contenues dans la r\u00e9clamation sont exactes. La r\u00e9ception par Famosa de la notification pr\u00e9vue dans la pr\u00e9sente clause n\u2019aura pas pour effet la reconnaissance effective par Famosa des activit\u00e9s et\/ou contenus indiqu\u00e9s par le communiquant.<\/p>\n<p class=\"p1\"><strong>L\u00e9gislation<\/strong><\/p>\n<p class=\"p1\">La pr\u00e9sente Notification l\u00e9gale est r\u00e9gie en tous points par la l\u00e9gislation espagnole.<\/p>\n","protected":false},"excerpt":{"rendered":"<p>Notification l\u00e9gale Le pr\u00e9sent portail Internet (ci-dessous \u201cle Portail\u201d) appartient \u00e0 : F\u00e1bricas Agrupadas de Mu\u00f1ecas de Onil, S.A.U. (ci-apr\u00e8s, \u201cFamosa\u201d). Si\u00e8ge social : C\/ del Franco s\/n, Pol\u00edgono Industrial \u201cLas Atalayas\u201d, 03114 Alicante. Donn\u00e9es relatives \u00e0 l\u2019enregistrement : registre du commerce et des soci\u00e9t\u00e9s d\u2019Alicante. Tome 3478, folio 47, feuillet A \u2013 103.414. Num\u00e9ro [&hellip;]<\/p>\n","protected":false},"author":1,"featured_media":0,"parent":0,"menu_order":5,"comment_status":"closed","ping_status":"closed","template":"page-generica.php","meta":[],"yoast_head":"<!-- This site is optimized with the Yoast SEO plugin v16.0.2 - https:\/\/yoast.com\/wordpress\/plugins\/seo\/ -->\n<title>Mentions l\u00e9gales - Nenuco Francia<\/title>\n<link rel=\"canonical\" href=\"https:\/\/www.nenucofamosa.es\/fr\/mentions-legales\/\" \/>\n<meta property=\"og:locale\" content=\"fr_FR\" \/>\n<meta property=\"og:type\" content=\"article\" \/>\n<meta property=\"og:title\" content=\"Mentions l\u00e9gales - Nenuco Francia\" \/>\n<meta property=\"og:description\" content=\"Notification l\u00e9gale Le pr\u00e9sent portail Internet (ci-dessous \u201cle Portail\u201d) appartient \u00e0 : F\u00e1bricas Agrupadas de Mu\u00f1ecas de Onil, S.A.U. (ci-apr\u00e8s, \u201cFamosa\u201d). Si\u00e8ge social : C\/ del Franco s\/n, Pol\u00edgono Industrial \u201cLas Atalayas\u201d, 03114 Alicante. Donn\u00e9es relatives \u00e0 l\u2019enregistrement : registre du commerce et des soci\u00e9t\u00e9s d\u2019Alicante. Tome 3478, folio 47, feuillet A \u2013 103.414. Num\u00e9ro [&hellip;]\" \/>\n<meta property=\"og:url\" content=\"https:\/\/www.nenucofamosa.es\/fr\/mentions-legales\/\" \/>\n<meta property=\"og:site_name\" content=\"Nenuco Francia\" \/>\n<meta property=\"article:modified_time\" content=\"2016-03-11T11:44:42+00:00\" \/>\n<meta name=\"twitter:card\" content=\"summary\" \/>\n<meta name=\"twitter:label1\" content=\"Dur\u00e9e de lecture est.\">\n\t<meta name=\"twitter:data1\" content=\"4 minutes\">\n<script type=\"application\/ld+json\" class=\"yoast-schema-graph\">{\"@context\":\"https:\/\/schema.org\",\"@graph\":[{\"@type\":\"WebSite\",\"@id\":\"https:\/\/www.nenucofamosa.es\/fr\/#website\",\"url\":\"https:\/\/www.nenucofamosa.es\/fr\/\",\"name\":\"Nenuco Francia\",\"description\":\"Otro sitio realizado con WordPress\",\"potentialAction\":[{\"@type\":\"SearchAction\",\"target\":\"https:\/\/www.nenucofamosa.es\/fr\/?s={search_term_string}\",\"query-input\":\"required name=search_term_string\"}],\"inLanguage\":\"fr-FR\"},{\"@type\":\"WebPage\",\"@id\":\"https:\/\/www.nenucofamosa.es\/fr\/mentions-legales\/#webpage\",\"url\":\"https:\/\/www.nenucofamosa.es\/fr\/mentions-legales\/\",\"name\":\"Mentions l\\u00e9gales - Nenuco Francia\",\"isPartOf\":{\"@id\":\"https:\/\/www.nenucofamosa.es\/fr\/#website\"},\"datePublished\":\"2015-11-26T09:22:08+00:00\",\"dateModified\":\"2016-03-11T11:44:42+00:00\",\"breadcrumb\":{\"@id\":\"https:\/\/www.nenucofamosa.es\/fr\/mentions-legales\/#breadcrumb\"},\"inLanguage\":\"fr-FR\",\"potentialAction\":[{\"@type\":\"ReadAction\",\"target\":[\"https:\/\/www.nenucofamosa.es\/fr\/mentions-legales\/\"]}]},{\"@type\":\"BreadcrumbList\",\"@id\":\"https:\/\/www.nenucofamosa.es\/fr\/mentions-legales\/#breadcrumb\",\"itemListElement\":[{\"@type\":\"ListItem\",\"position\":1,\"item\":{\"@type\":\"WebPage\",\"@id\":\"https:\/\/www.nenucofamosa.es\/fr\/\",\"url\":\"https:\/\/www.nenucofamosa.es\/fr\/\",\"name\":\"Accueil\"}},{\"@type\":\"ListItem\",\"position\":2,\"item\":{\"@type\":\"WebPage\",\"@id\":\"https:\/\/www.nenucofamosa.es\/fr\/mentions-legales\/\",\"url\":\"https:\/\/www.nenucofamosa.es\/fr\/mentions-legales\/\",\"name\":\"Mentions l\\u00e9gales\"}}]}]}<\/script>\n<!-- \/ Yoast SEO plugin. -->","_links":{"self":[{"href":"https:\/\/www.nenucofamosa.es\/fr\/wp-json\/wp\/v2\/pages\/147"}],"collection":[{"href":"https:\/\/www.nenucofamosa.es\/fr\/wp-json\/wp\/v2\/pages"}],"about":[{"href":"https:\/\/www.nenucofamosa.es\/fr\/wp-json\/wp\/v2\/types\/page"}],"author":[{"embeddable":true,"href":"https:\/\/www.nenucofamosa.es\/fr\/wp-json\/wp\/v2\/users\/1"}],"replies":[{"embeddable":true,"href":"https:\/\/www.nenucofamosa.es\/fr\/wp-json\/wp\/v2\/comments?post=147"}],"version-history":[{"count":3,"href":"https:\/\/www.nenucofamosa.es\/fr\/wp-json\/wp\/v2\/pages\/147\/revisions"}],"predecessor-version":[{"id":790,"href":"https:\/\/www.nenucofamosa.es\/fr\/wp-json\/wp\/v2\/pages\/147\/revisions\/790"}],"wp:attachment":[{"href":"https:\/\/www.nenucofamosa.es\/fr\/wp-json\/wp\/v2\/media?parent=147"}],"curies":[{"name":"wp","href":"https:\/\/api.w.org\/{rel}","templated":true}]}}